{"id":29,"date":"2007-07-01T09:38:33","date_gmt":"2007-07-01T07:38:33","guid":{"rendered":"http:\/\/friinsikt.se\/blog\/?page_id=25"},"modified":"2021-03-01T18:48:37","modified_gmt":"2021-03-01T18:48:37","slug":"about-2","status":"publish","type":"page","link":"https:\/\/friinsikt.se\/blog\/about-2\/","title":{"rendered":"Om Friinsikt.se"},"content":{"rendered":"<p>Jag som driver den h\u00e4r bloggen heter Erik A. och bor i G\u00f6teborg. Jag har en akademisk bakgrund inom naturvetenskap. Numera \u00e4r jag verksam som konsult inom fastighetsbranschen. Jag \u00e4r ocks\u00e5 en frist\u00e5ende skribent i samh\u00e4llsrelaterade \u00e4mnen d\u00e4r jag f\u00f6rs\u00f6ker knyta samman de stora yttre skeendena med den enskilda m\u00e4nniskans psykologi. Jag g\u00f6r det i olika \u00e4mnen s\u00e5som <a href=\"http:\/\/friinsikt.se\/blog\/index.php\/category\/andlighet\/\">Andlighet &amp; Psykologi<\/a>, <a href=\"http:\/\/friinsikt.se\/blog\/index.php\/category\/manligt-kvinnligt\/\">Manligt &amp; Kvinnligt<\/a>, <a href=\"http:\/\/friinsikt.se\/blog\/index.php\/category\/palmemordet\/\">Palmemordet<\/a> och <a href=\"http:\/\/friinsikt.se\/blog\/index.php\/category\/politik\/\">Politik<\/a>. Klimatfr\u00e5gan tycker jag \u00e4r s\u00e5 viktig att den har jag till\u00e4gnat en egen blog som heter <a href=\"http:\/\/www.klimatinsikt.se\" target=\"_blank\" rel=\"noopener noreferrer\">Klimatinsikt.se<\/a>.<\/p>\n<p>Sett fr\u00e5n det inre perspektivets alternativa utsiktspunkt f\u00e5r dagsaktuella fr\u00e5gor ofta en annorlunda analys och d\u00e4rmed ofta en alternativ l\u00f6sning eller f\u00f6rklaring. I bruset av \u00e5sikter i v\u00e5r ytliga, fragmenterade v\u00e4rld kv\u00e4vs l\u00e4tt insikterna. Jag vill g\u00f6ra vad jag kan f\u00f6r att motverka detta p\u00e5 dessa sidor.<\/p>\n<p>Mina livserfarenheter har lett mig till \u00f6vertygelsen att det finns en v\u00e4g f\u00f6r var och en av oss. Det \u00e4r insikternas v\u00e4g. Det \u00e4r i allra h\u00f6gsta grad sanningens v\u00e4g. D\u00e5 menar jag den personliga, subjektiva sanningen\u00a0i f\u00f6rening med\u00a0den objektiva vetenskapliga. F\u00f6r den som s\u00f6ker sin egen sanning v\u00e4ntar en sv\u00e5r och m\u00f6dosam kamp. Men lidandet i livet blir p\u00e5 l\u00e4ngre sikt mindre f\u00f6r den som g\u00e5r v\u00e4gen \u00e4n f\u00f6r den som inte g\u00f6r det.\u00a0V\u00e4gen\u00a0medf\u00f6r ett successivt avl\u00e4gsnande av det inom\u00a0oss som orsakar och f\u00f6rv\u00e4rrar lidandet. Att g\u00e5 den v\u00e4gen\u00a0\u00e4r enligt min mening den enda v\u00e4gen till verklig frihet &#8211; det levande livet.<\/p>\n<p><span class=\"style-scope yt-formatted-string\" dir=\"auto\"><em>&#8221;Den h\u00f6gsta, mest avg\u00f6rande upplevelsen \u00e4r att vara ensam med ditt eget jag. Du m\u00e5ste vara ensam f\u00f6r att ta reda p\u00e5 vad som st\u00f6der dig n\u00e4r du uppt\u00e4cker att du inte kan st\u00f6dja dig sj\u00e4lv. Bara den h\u00e4r erfarenheten kan ge dig en of\u00f6rst\u00f6rbar grund.&#8221;<\/em><br \/>\n&#8211; Carl Jung<\/span><\/p>\n<p>Kontakt: wm &#8221;snabela&#8221; friinsikt.se<\/p>\n<p>&nbsp;<\/p>\n","protected":false},"excerpt":{"rendered":"<p>Jag som driver den h\u00e4r bloggen heter Erik A. och bor i G\u00f6teborg. Jag har en akademisk bakgrund inom naturvetenskap. Numera \u00e4r jag verksam som konsult inom fastighetsbranschen. Jag \u00e4r ocks\u00e5 en frist\u00e5ende skribent i samh\u00e4llsrelaterade \u00e4mnen d\u00e4r jag f\u00f6rs\u00f6ker knyta samman de stora yttre skeendena med den enskilda m\u00e4nniskans psykologi. Jag g\u00f6r det i [&hellip;]<\/p>\n","protected":false},"author":1,"featured_media":0,"parent":0,"menu_order":0,"comment_status":"open","ping_status":"open","template":"","meta":[],"_links":{"self":[{"href":"https:\/\/friinsikt.se\/blog\/wp-json\/wp\/v2\/pages\/29"}],"collection":[{"href":"https:\/\/friinsikt.se\/blog\/wp-json\/wp\/v2\/pages"}],"about":[{"href":"https:\/\/friinsikt.se\/blog\/wp-json\/wp\/v2\/types\/page"}],"author":[{"embeddable":true,"href":"https:\/\/friinsikt.se\/blog\/wp-json\/wp\/v2\/users\/1"}],"replies":[{"embeddable":true,"href":"https:\/\/friinsikt.se\/blog\/wp-json\/wp\/v2\/comments?post=29"}],"version-history":[{"count":3,"href":"https:\/\/friinsikt.se\/blog\/wp-json\/wp\/v2\/pages\/29\/revisions"}],"predecessor-version":[{"id":790,"href":"https:\/\/friinsikt.se\/blog\/wp-json\/wp\/v2\/pages\/29\/revisions\/790"}],"wp:attachment":[{"href":"https:\/\/friinsikt.se\/blog\/wp-json\/wp\/v2\/media?parent=29"}],"curies":[{"name":"wp","href":"https:\/\/api.w.org\/{rel}","templated":true}]}}